{"id":170,"date":"2025-05-07T20:18:53","date_gmt":"2025-05-07T20:18:53","guid":{"rendered":"https:\/\/boucleslanmou.com\/?post_type=product&#038;p=170"},"modified":"2026-02-17T18:06:33","modified_gmt":"2026-02-17T18:06:33","slug":"shampoing-reparateur-en-douceur-restaure-nous-sans-effort-2","status":"publish","type":"product","link":"https:\/\/boucleslanmou.com\/?product=shampoing-reparateur-en-douceur-restaure-nous-sans-effort-2","title":{"rendered":"Shampoing r\u00e9parateur en douceur    Restaure-nous, sans effort"},"content":{"rendered":"<p><b><span data-contrast=\"auto\">Actifs : <\/span><\/b><span data-contrast=\"auto\">Acides amin\u00e9s, Aloe vera, panth\u00e9nol,\u00a0glyc\u00e9rine<\/span><span data-ccp-props=\"{&quot;201341983&quot;:0,&quot;335551550&quot;:6,&quot;335551620&quot;:6,&quot;335559740&quot;:360}\">\u00a0<\/span><\/p>\n<p><b><span data-contrast=\"auto\">Descriptif\u202f:<\/span><\/b><span data-contrast=\"auto\"> Ce shampoing hydrate et r\u00e9pare la fibre capillaire gr\u00e2ce aux acides amin\u00e9s. L\u2019aloe Vera hydrate, nourrit et apaise, tandis que la glyc\u00e9rine et le panth\u00e9nol assurent une hydratation durable tout en renfor\u00e7ant les cheveux et en am\u00e9liorant leur brillance. Il nettoie en profondeur, laissant les cheveux restaur\u00e9s, souples et \u00e9clatants.<\/span><span data-ccp-props=\"{&quot;201341983&quot;:0,&quot;335551550&quot;:6,&quot;335551620&quot;:6,&quot;335559740&quot;:360}\">\u00a0<\/span><\/p>\n<p><b><span data-contrast=\"auto\">Mode d\u2019emploi\u202f:<\/span><\/b><span data-contrast=\"auto\">\u00a0 Mouiller vos cheveux abondamment, Appliquer le shampoing sur votre cuir chevelu en quantit\u00e9 suffisante selon vos besoins. Masser d\u00e9licatement avec le bout de vos doigts. Rincer soigneusement. <\/span><span data-contrast=\"auto\">Recommencer si n\u00e9cessaire.<\/span><span data-ccp-props=\"{&quot;201341983&quot;:0,&quot;335551550&quot;:6,&quot;335551620&quot;:6,&quot;335559740&quot;:360}\">\u00a0<\/span><\/p>\n<p><strong>Ingr\u00e9dients:<\/strong> Aqua\/Water\/Eau, Cocamidopropyl Betaine, Aloe Barbadensis Leaf Juice, Sodium C14-16<br \/>\nOlefin Sulfonate, Coco-Glucoside, Caprylyl\/Capryl Glucoside, Panthenol, Sodium PCA, Sodium Lactate, Arginine, Aspartic Acid, PCA, Glycine, Alanine, Serine, Valine, Proline, Threonine, Isoleucine, Histidine, Phenylalanine, Glycerin, Guar Hydroxypropyltrimonium Chloride, Benzyl Alcohol, Dehydroacetic Acid, Parfum, Citric Acid<\/p>\n","protected":false},"excerpt":{"rendered":"<p>Ce shampoing nettoie en apportant de l\u2019hydratation et de la restauration \u00e0 la fibre capillaire gr\u00e2ce \u00e0 ses actifs.<\/p>\n<p>95.7% d&rsquo;ingr\u00e9dients d&rsquo;origine naturelle<\/p>\n","protected":false},"featured_media":612,"comment_status":"open","ping_status":"closed","template":"","meta":[],"product_brand":[],"product_cat":[18],"product_tag":[],"class_list":{"0":"post-170","1":"product","2":"type-product","3":"status-publish","4":"has-post-thumbnail","6":"product_cat-non-classe","8":"first","9":"instock","10":"taxable","11":"shipping-taxable","12":"purchasable","13":"product-type-simple"},"yoast_head":"<!-- This site is optimized with the Yoast SEO plugin v27.3 - https:\/\/yoast.com\/product\/yoast-seo-wordpress\/ -->\n<title>Shampoing r\u00e9parateur en douceur  Restaure-nous, sans effort - boucleslanmou.com<\/title>\n<meta name=\"description\" content=\"Ce shampoing nettoie en apportant de l\u2019hydratation et de la restauration \u00e0 la fibre capillaire gr\u00e2ce \u00e0 ses actifs.\" \/>\n<meta name=\"robots\" content=\"index, follow, max-snippet:-1, max-image-preview:large, max-video-preview:-1\" \/>\n<link rel=\"canonical\" href=\"https:\/\/boucleslanmou.com\/?product=shampoing-reparateur-en-douceur-restaure-nous-sans-effort-2\" \/>\n<meta property=\"og:locale\" content=\"fr_FR\" \/>\n<meta property=\"og:type\" content=\"article\" \/>\n<meta property=\"og:title\" content=\"Shampoing r\u00e9parateur en douceur  Restaure-nous, sans effort - boucleslanmou.com\" \/>\n<meta property=\"og:description\" content=\"Ce shampoing nettoie en apportant de l\u2019hydratation et de la restauration \u00e0 la fibre capillaire gr\u00e2ce \u00e0 ses actifs.\" \/>\n<meta property=\"og:url\" content=\"https:\/\/boucleslanmou.com\/?product=shampoing-reparateur-en-douceur-restaure-nous-sans-effort-2\" \/>\n<meta property=\"og:site_name\" content=\"boucleslanmou.com\" \/>\n<meta property=\"article:modified_time\" content=\"2026-02-17T18:06:33+00:00\" \/>\n<meta property=\"og:image\" content=\"https:\/\/boucleslanmou.com\/wp-content\/uploads\/2025\/05\/11-5A2A2733-scaled.jpg\" \/>\n\t<meta property=\"og:image:width\" content=\"1708\" \/>\n\t<meta property=\"og:image:height\" content=\"2560\" \/>\n\t<meta property=\"og:image:type\" content=\"image\/jpeg\" \/>\n<meta name=\"twitter:card\" content=\"summary_large_image\" \/>\n<meta name=\"twitter:label1\" content=\"Dur\u00e9e de lecture estim\u00e9e\" \/>\n\t<meta name=\"twitter:data1\" content=\"1 minute\" \/>\n<script type=\"application\/ld+json\" class=\"yoast-schema-graph\">{\"@context\":\"https:\\\/\\\/schema.org\",\"@graph\":[{\"@type\":\"WebPage\",\"@id\":\"https:\\\/\\\/boucleslanmou.com\\\/?product=shampoing-reparateur-en-douceur-restaure-nous-sans-effort-2\",\"url\":\"https:\\\/\\\/boucleslanmou.com\\\/?product=shampoing-reparateur-en-douceur-restaure-nous-sans-effort-2\",\"name\":\"Shampoing r\u00e9parateur en douceur Restaure-nous, sans effort - boucleslanmou.com\",\"isPartOf\":{\"@id\":\"https:\\\/\\\/boucleslanmou.com\\\/#website\"},\"primaryImageOfPage\":{\"@id\":\"https:\\\/\\\/boucleslanmou.com\\\/?product=shampoing-reparateur-en-douceur-restaure-nous-sans-effort-2#primaryimage\"},\"image\":{\"@id\":\"https:\\\/\\\/boucleslanmou.com\\\/?product=shampoing-reparateur-en-douceur-restaure-nous-sans-effort-2#primaryimage\"},\"thumbnailUrl\":\"https:\\\/\\\/boucleslanmou.com\\\/wp-content\\\/uploads\\\/2025\\\/05\\\/11-5A2A2733-scaled-e1774328820327.jpg\",\"datePublished\":\"2025-05-07T20:18:53+00:00\",\"dateModified\":\"2026-02-17T18:06:33+00:00\",\"description\":\"Ce shampoing nettoie en apportant de l\u2019hydratation et de la restauration \u00e0 la fibre capillaire gr\u00e2ce \u00e0 ses actifs.\",\"breadcrumb\":{\"@id\":\"https:\\\/\\\/boucleslanmou.com\\\/?product=shampoing-reparateur-en-douceur-restaure-nous-sans-effort-2#breadcrumb\"},\"inLanguage\":\"fr-FR\",\"potentialAction\":[{\"@type\":\"ReadAction\",\"target\":[\"https:\\\/\\\/boucleslanmou.com\\\/?product=shampoing-reparateur-en-douceur-restaure-nous-sans-effort-2\"]}]},{\"@type\":\"ImageObject\",\"inLanguage\":\"fr-FR\",\"@id\":\"https:\\\/\\\/boucleslanmou.com\\\/?product=shampoing-reparateur-en-douceur-restaure-nous-sans-effort-2#primaryimage\",\"url\":\"https:\\\/\\\/boucleslanmou.com\\\/wp-content\\\/uploads\\\/2025\\\/05\\\/11-5A2A2733-scaled-e1774328820327.jpg\",\"contentUrl\":\"https:\\\/\\\/boucleslanmou.com\\\/wp-content\\\/uploads\\\/2025\\\/05\\\/11-5A2A2733-scaled-e1774328820327.jpg\",\"width\":1707,\"height\":1506},{\"@type\":\"BreadcrumbList\",\"@id\":\"https:\\\/\\\/boucleslanmou.com\\\/?product=shampoing-reparateur-en-douceur-restaure-nous-sans-effort-2#breadcrumb\",\"itemListElement\":[{\"@type\":\"ListItem\",\"position\":1,\"name\":\"Accueil\",\"item\":\"https:\\\/\\\/boucleslanmou.com\\\/\"},{\"@type\":\"ListItem\",\"position\":2,\"name\":\"Boutique\",\"item\":\"https:\\\/\\\/boucleslanmou.com\\\/?page_id=797\"},{\"@type\":\"ListItem\",\"position\":3,\"name\":\"Shampoing r\u00e9parateur en douceur Restaure-nous, sans effort\"}]},{\"@type\":\"WebSite\",\"@id\":\"https:\\\/\\\/boucleslanmou.com\\\/#website\",\"url\":\"https:\\\/\\\/boucleslanmou.com\\\/\",\"name\":\"boucleslanmou.com\",\"description\":\"Soins Naturels pour Cheveux Boucl\u00e9s\",\"publisher\":{\"@id\":\"https:\\\/\\\/boucleslanmou.com\\\/#organization\"},\"potentialAction\":[{\"@type\":\"SearchAction\",\"target\":{\"@type\":\"EntryPoint\",\"urlTemplate\":\"https:\\\/\\\/boucleslanmou.com\\\/?s={search_term_string}\"},\"query-input\":{\"@type\":\"PropertyValueSpecification\",\"valueRequired\":true,\"valueName\":\"search_term_string\"}}],\"inLanguage\":\"fr-FR\"},{\"@type\":\"Organization\",\"@id\":\"https:\\\/\\\/boucleslanmou.com\\\/#organization\",\"name\":\"boucleslanmou.com\",\"url\":\"https:\\\/\\\/boucleslanmou.com\\\/\",\"logo\":{\"@type\":\"ImageObject\",\"inLanguage\":\"fr-FR\",\"@id\":\"https:\\\/\\\/boucleslanmou.com\\\/#\\\/schema\\\/logo\\\/image\\\/\",\"url\":\"https:\\\/\\\/boucleslanmou.com\\\/wp-content\\\/uploads\\\/2025\\\/04\\\/Boucles-Lanmou_Logo_Couleur-1-1-e1774325270237.png\",\"contentUrl\":\"https:\\\/\\\/boucleslanmou.com\\\/wp-content\\\/uploads\\\/2025\\\/04\\\/Boucles-Lanmou_Logo_Couleur-1-1-e1774325270237.png\",\"width\":483,\"height\":220,\"caption\":\"boucleslanmou.com\"},\"image\":{\"@id\":\"https:\\\/\\\/boucleslanmou.com\\\/#\\\/schema\\\/logo\\\/image\\\/\"}}]}<\/script>\n<!-- \/ Yoast SEO plugin. -->","yoast_head_json":{"title":"Shampoing r\u00e9parateur en douceur  Restaure-nous, sans effort - boucleslanmou.com","description":"Ce shampoing nettoie en apportant de l\u2019hydratation et de la restauration \u00e0 la fibre capillaire gr\u00e2ce \u00e0 ses actifs.","robots":{"index":"index","follow":"follow","max-snippet":"max-snippet:-1","max-image-preview":"max-image-preview:large","max-video-preview":"max-video-preview:-1"},"canonical":"https:\/\/boucleslanmou.com\/?product=shampoing-reparateur-en-douceur-restaure-nous-sans-effort-2","og_locale":"fr_FR","og_type":"article","og_title":"Shampoing r\u00e9parateur en douceur  Restaure-nous, sans effort - boucleslanmou.com","og_description":"Ce shampoing nettoie en apportant de l\u2019hydratation et de la restauration \u00e0 la fibre capillaire gr\u00e2ce \u00e0 ses actifs.","og_url":"https:\/\/boucleslanmou.com\/?product=shampoing-reparateur-en-douceur-restaure-nous-sans-effort-2","og_site_name":"boucleslanmou.com","article_modified_time":"2026-02-17T18:06:33+00:00","og_image":[{"width":1708,"height":2560,"url":"https:\/\/boucleslanmou.com\/wp-content\/uploads\/2025\/05\/11-5A2A2733-scaled.jpg","type":"image\/jpeg"}],"twitter_card":"summary_large_image","twitter_misc":{"Dur\u00e9e de lecture estim\u00e9e":"1 minute"},"schema":{"@context":"https:\/\/schema.org","@graph":[{"@type":"WebPage","@id":"https:\/\/boucleslanmou.com\/?product=shampoing-reparateur-en-douceur-restaure-nous-sans-effort-2","url":"https:\/\/boucleslanmou.com\/?product=shampoing-reparateur-en-douceur-restaure-nous-sans-effort-2","name":"Shampoing r\u00e9parateur en douceur Restaure-nous, sans effort - boucleslanmou.com","isPartOf":{"@id":"https:\/\/boucleslanmou.com\/#website"},"primaryImageOfPage":{"@id":"https:\/\/boucleslanmou.com\/?product=shampoing-reparateur-en-douceur-restaure-nous-sans-effort-2#primaryimage"},"image":{"@id":"https:\/\/boucleslanmou.com\/?product=shampoing-reparateur-en-douceur-restaure-nous-sans-effort-2#primaryimage"},"thumbnailUrl":"https:\/\/boucleslanmou.com\/wp-content\/uploads\/2025\/05\/11-5A2A2733-scaled-e1774328820327.jpg","datePublished":"2025-05-07T20:18:53+00:00","dateModified":"2026-02-17T18:06:33+00:00","description":"Ce shampoing nettoie en apportant de l\u2019hydratation et de la restauration \u00e0 la fibre capillaire gr\u00e2ce \u00e0 ses actifs.","breadcrumb":{"@id":"https:\/\/boucleslanmou.com\/?product=shampoing-reparateur-en-douceur-restaure-nous-sans-effort-2#breadcrumb"},"inLanguage":"fr-FR","potentialAction":[{"@type":"ReadAction","target":["https:\/\/boucleslanmou.com\/?product=shampoing-reparateur-en-douceur-restaure-nous-sans-effort-2"]}]},{"@type":"ImageObject","inLanguage":"fr-FR","@id":"https:\/\/boucleslanmou.com\/?product=shampoing-reparateur-en-douceur-restaure-nous-sans-effort-2#primaryimage","url":"https:\/\/boucleslanmou.com\/wp-content\/uploads\/2025\/05\/11-5A2A2733-scaled-e1774328820327.jpg","contentUrl":"https:\/\/boucleslanmou.com\/wp-content\/uploads\/2025\/05\/11-5A2A2733-scaled-e1774328820327.jpg","width":1707,"height":1506},{"@type":"BreadcrumbList","@id":"https:\/\/boucleslanmou.com\/?product=shampoing-reparateur-en-douceur-restaure-nous-sans-effort-2#breadcrumb","itemListElement":[{"@type":"ListItem","position":1,"name":"Accueil","item":"https:\/\/boucleslanmou.com\/"},{"@type":"ListItem","position":2,"name":"Boutique","item":"https:\/\/boucleslanmou.com\/?page_id=797"},{"@type":"ListItem","position":3,"name":"Shampoing r\u00e9parateur en douceur Restaure-nous, sans effort"}]},{"@type":"WebSite","@id":"https:\/\/boucleslanmou.com\/#website","url":"https:\/\/boucleslanmou.com\/","name":"boucleslanmou.com","description":"Soins Naturels pour Cheveux Boucl\u00e9s","publisher":{"@id":"https:\/\/boucleslanmou.com\/#organization"},"potentialAction":[{"@type":"SearchAction","target":{"@type":"EntryPoint","urlTemplate":"https:\/\/boucleslanmou.com\/?s={search_term_string}"},"query-input":{"@type":"PropertyValueSpecification","valueRequired":true,"valueName":"search_term_string"}}],"inLanguage":"fr-FR"},{"@type":"Organization","@id":"https:\/\/boucleslanmou.com\/#organization","name":"boucleslanmou.com","url":"https:\/\/boucleslanmou.com\/","logo":{"@type":"ImageObject","inLanguage":"fr-FR","@id":"https:\/\/boucleslanmou.com\/#\/schema\/logo\/image\/","url":"https:\/\/boucleslanmou.com\/wp-content\/uploads\/2025\/04\/Boucles-Lanmou_Logo_Couleur-1-1-e1774325270237.png","contentUrl":"https:\/\/boucleslanmou.com\/wp-content\/uploads\/2025\/04\/Boucles-Lanmou_Logo_Couleur-1-1-e1774325270237.png","width":483,"height":220,"caption":"boucleslanmou.com"},"image":{"@id":"https:\/\/boucleslanmou.com\/#\/schema\/logo\/image\/"}}]}},"_links":{"self":[{"href":"https:\/\/boucleslanmou.com\/index.php?rest_route=\/wp\/v2\/product\/170","targetHints":{"allow":["GET"]}}],"collection":[{"href":"https:\/\/boucleslanmou.com\/index.php?rest_route=\/wp\/v2\/product"}],"about":[{"href":"https:\/\/boucleslanmou.com\/index.php?rest_route=\/wp\/v2\/types\/product"}],"replies":[{"embeddable":true,"href":"https:\/\/boucleslanmou.com\/index.php?rest_route=%2Fwp%2Fv2%2Fcomments&post=170"}],"wp:featuredmedia":[{"embeddable":true,"href":"https:\/\/boucleslanmou.com\/index.php?rest_route=\/wp\/v2\/media\/612"}],"wp:attachment":[{"href":"https:\/\/boucleslanmou.com\/index.php?rest_route=%2Fwp%2Fv2%2Fmedia&parent=170"}],"wp:term":[{"taxonomy":"product_brand","embeddable":true,"href":"https:\/\/boucleslanmou.com\/index.php?rest_route=%2Fwp%2Fv2%2Fproduct_brand&post=170"},{"taxonomy":"product_cat","embeddable":true,"href":"https:\/\/boucleslanmou.com\/index.php?rest_route=%2Fwp%2Fv2%2Fproduct_cat&post=170"},{"taxonomy":"product_tag","embeddable":true,"href":"https:\/\/boucleslanmou.com\/index.php?rest_route=%2Fwp%2Fv2%2Fproduct_tag&post=170"}],"curies":[{"name":"wp","href":"https:\/\/api.w.org\/{rel}","templated":true}]}}