{"id":171,"date":"2025-05-07T20:22:59","date_gmt":"2025-05-07T20:22:59","guid":{"rendered":"https:\/\/boucleslanmou.com\/?post_type=product&#038;p=171"},"modified":"2026-03-12T18:23:32","modified_gmt":"2026-03-12T18:23:32","slug":"triple-soin-capillaire-reparation-hydratation-nutrition-ravive-nous-avec-soin","status":"publish","type":"product","link":"https:\/\/boucleslanmou.com\/?product=triple-soin-capillaire-reparation-hydratation-nutrition-ravive-nous-avec-soin","title":{"rendered":"Triple soin capillaire &#8211; R\u00e9paration, hydratation &#038; nutrition    Ravive-nous, avec soin"},"content":{"rendered":"<p><b><span data-contrast=\"auto\">Actifs: <\/span><\/b><span data-contrast=\"auto\">Aloe vera, beurre de karit\u00e9, acides amin\u00e9s, l\u2019huile de ricin, panth\u00e9nol, cire de riz, glyc\u00e9rine<\/span><span data-ccp-props=\"{&quot;201341983&quot;:0,&quot;335551550&quot;:6,&quot;335551620&quot;:6,&quot;335559740&quot;:360}\">\u00a0<\/span><\/p>\n<p><b><span data-contrast=\"auto\">Fonction\u202f<\/span><\/b><span data-contrast=\"auto\">: Ce soin Triple capillaire est l&rsquo;alli\u00e9 incontournable pour prendre soin de vos cheveux au quotidien. Il s\u2019utilise de trois fa\u00e7ons : en masque, en revitalisant ou en soin sans rin\u00e7age. Riche en actifs, il agit en profondeur pour restaurer la sant\u00e9 de vos cheveux. Gr\u00e2ce aux acides amin\u00e9s, il r\u00e9pare la fibre capillaire et aide \u00e0 pr\u00e9venir la casse. Offrant une hydratation intense avec l\u2019aloe vera et le panth\u00e9nol, il rend les cheveux souples et faciles \u00e0 coiffer. Il nourrit \u00e9galement avec la cire riz, l\u2019huile de ricin et le beurre de karit\u00e9, leur apportant douceur et brillance.<\/span><span data-ccp-props=\"{&quot;201341983&quot;:0,&quot;335551550&quot;:6,&quot;335551620&quot;:6,&quot;335559740&quot;:360}\">\u00a0<\/span><\/p>\n<p><b><span data-contrast=\"auto\">Instructions\u00a0\u00a0<\/span><\/b><span data-ccp-props=\"{&quot;201341983&quot;:0,&quot;335551550&quot;:6,&quot;335551620&quot;:6,&quot;335559740&quot;:360}\">\u00a0<\/span><\/p>\n<ul>\n<li><span data-contrast=\"auto\"> Masque profond : Sur cheveux mouill\u00e9s, appliquez g\u00e9n\u00e9reusement sur toute la longueur. Laissez poser 10 \u00e0 15 minutes, puis rincez abondamment \u00e0 l\u2019eau froide pour refermer les \u00e9cailles et maximiser la brillance.\u00a0<\/span><\/li>\n<li><span data-contrast=\"auto\"> Revitalisant : Sur cheveux mouill\u00e9s, appliquez sur toute la longueur. Laissez agir 2 \u00e0 3 minutes, puis rincez soigneusement \u00e0 l\u2019eau froide pour une chevelure revitalis\u00e9e en un instant.\u00a0<\/span><\/li>\n<li><span data-contrast=\"auto\"> Soin sans rin\u00e7age : Appliquez une noisette de produit sur cheveux humides ou secs, puis coiffez comme d\u00e9sir\u00e9.<\/span><\/li>\n<\/ul>\n<p><strong>Ingr\u00e9dients :<\/strong> Aqua\/Water\/Eau, Caprylic\/Capric Triglyceride, Glycerin, Cetearyl Alcohol, Behentrimonium Methosulfate, Aloe Barbadensis Leaf Juice, Butyrospermum Parkii Butter, Cetyl Alcohol, Butylene Glycol, Ricinus Communis Seed Oil, Oryza Sativa (Rice Bran) Wax, Panthenol, Sodium PCA, Sodium Lactate, Arginine, Aspartic Acid, PCA, Glycine, Alanine, Serine, Valine, Proline, Threonine, Isoleucine, Histidine, Phenylalanine,<br \/>\nTocopherol, Guar Hydroxypropyltrimonium Chloride, Polyquaternium-37, Parfum, Benzyl Alcohol, Dehydroacetic Acid, Citric Acid.<\/p>\n","protected":false},"excerpt":{"rendered":"<p class=\"cvGsUA direction-ltr align-start para-style-body\"><span class=\"OYPEnA font-feature-liga-off font-feature-clig-off font-feature-calt-off text-decoration-none text-strikethrough-none\">Ce soin 3 en 1<\/span><span class=\"OYPEnA font-feature-liga-off font-feature-clig-off font-feature-calt-off text-decoration-none text-strikethrough-none\"> s\u2019utilise comme apr\u00e8s-shampoing, masque ou leave-in. Simple, pratique et \u00e9conomique, il facilite votre routine capillaire tout en offrant un soin complet.<\/span><\/p>\n<p class=\"cvGsUA direction-ltr align-start para-style-body\"><span class=\"OYPEnA font-feature-liga-off font-feature-clig-off font-feature-calt-off text-decoration-none text-strikethrough-none\">Il hydrate intens\u00e9ment, nourrit en profondeur et restaure la fibre capillaire.<\/span><\/p>\n","protected":false},"featured_media":610,"comment_status":"open","ping_status":"closed","template":"","meta":[],"product_brand":[],"product_cat":[18],"product_tag":[],"class_list":{"0":"post-171","1":"product","2":"type-product","3":"status-publish","4":"has-post-thumbnail","6":"product_cat-non-classe","8":"first","9":"instock","10":"taxable","11":"shipping-taxable","12":"purchasable","13":"product-type-simple"},"yoast_head":"<!-- This site is optimized with the Yoast SEO plugin v27.3 - https:\/\/yoast.com\/product\/yoast-seo-wordpress\/ -->\n<title>Triple soin capillaire - R\u00e9paration, hydratation &amp; nutrition  Ravive-nous, avec soin - boucleslanmou.com<\/title>\n<meta name=\"description\" content=\"Ce soin 3 en 1 s\u2019utilise comme apr\u00e8s-shampoing, masque ou leave-in. Simple, pratique et \u00e9conomique, il facilite votre routine capillaire tout en offrant un soin complet.Il hydrate intens\u00e9ment, nourrit en profondeur et restaure la fibre capillaire. 96.3% d&#039;ingr\u00e9dients d&#039;origine naturelle\u00a0\" \/>\n<meta name=\"robots\" content=\"index, follow, max-snippet:-1, max-image-preview:large, max-video-preview:-1\" \/>\n<link rel=\"canonical\" href=\"https:\/\/boucleslanmou.com\/?product=triple-soin-capillaire-reparation-hydratation-nutrition-ravive-nous-avec-soin\" \/>\n<meta property=\"og:locale\" content=\"fr_FR\" \/>\n<meta property=\"og:type\" content=\"article\" \/>\n<meta property=\"og:title\" content=\"Triple soin capillaire - R\u00e9paration, hydratation &amp; nutrition  Ravive-nous, avec soin - boucleslanmou.com\" \/>\n<meta property=\"og:description\" content=\"Ce soin 3 en 1 s\u2019utilise comme apr\u00e8s-shampoing, masque ou leave-in. Simple, pratique et \u00e9conomique, il facilite votre routine capillaire tout en offrant un soin complet.Il hydrate intens\u00e9ment, nourrit en profondeur et restaure la fibre capillaire. 96.3% d&#039;ingr\u00e9dients d&#039;origine naturelle\u00a0\" \/>\n<meta property=\"og:url\" content=\"https:\/\/boucleslanmou.com\/?product=triple-soin-capillaire-reparation-hydratation-nutrition-ravive-nous-avec-soin\" \/>\n<meta property=\"og:site_name\" content=\"boucleslanmou.com\" \/>\n<meta property=\"article:modified_time\" content=\"2026-03-12T18:23:32+00:00\" \/>\n<meta property=\"og:image\" content=\"https:\/\/boucleslanmou.com\/wp-content\/uploads\/2025\/05\/14-5A2A2760-scaled.jpg\" \/>\n\t<meta property=\"og:image:width\" content=\"1708\" \/>\n\t<meta property=\"og:image:height\" content=\"2560\" \/>\n\t<meta property=\"og:image:type\" content=\"image\/jpeg\" \/>\n<meta name=\"twitter:card\" content=\"summary_large_image\" \/>\n<meta name=\"twitter:label1\" content=\"Dur\u00e9e de lecture estim\u00e9e\" \/>\n\t<meta name=\"twitter:data1\" content=\"2 minutes\" \/>\n<script type=\"application\/ld+json\" class=\"yoast-schema-graph\">{\"@context\":\"https:\\\/\\\/schema.org\",\"@graph\":[{\"@type\":\"WebPage\",\"@id\":\"https:\\\/\\\/boucleslanmou.com\\\/?product=triple-soin-capillaire-reparation-hydratation-nutrition-ravive-nous-avec-soin\",\"url\":\"https:\\\/\\\/boucleslanmou.com\\\/?product=triple-soin-capillaire-reparation-hydratation-nutrition-ravive-nous-avec-soin\",\"name\":\"Triple soin capillaire - R\u00e9paration, hydratation & nutrition Ravive-nous, avec soin - boucleslanmou.com\",\"isPartOf\":{\"@id\":\"https:\\\/\\\/boucleslanmou.com\\\/#website\"},\"primaryImageOfPage\":{\"@id\":\"https:\\\/\\\/boucleslanmou.com\\\/?product=triple-soin-capillaire-reparation-hydratation-nutrition-ravive-nous-avec-soin#primaryimage\"},\"image\":{\"@id\":\"https:\\\/\\\/boucleslanmou.com\\\/?product=triple-soin-capillaire-reparation-hydratation-nutrition-ravive-nous-avec-soin#primaryimage\"},\"thumbnailUrl\":\"https:\\\/\\\/boucleslanmou.com\\\/wp-content\\\/uploads\\\/2025\\\/05\\\/14-5A2A2760-scaled.jpg\",\"datePublished\":\"2025-05-07T20:22:59+00:00\",\"dateModified\":\"2026-03-12T18:23:32+00:00\",\"description\":\"Ce soin 3 en 1 s\u2019utilise comme apr\u00e8s-shampoing, masque ou leave-in. Simple, pratique et \u00e9conomique, il facilite votre routine capillaire tout en offrant un soin complet.Il hydrate intens\u00e9ment, nourrit en profondeur et restaure la fibre capillaire. 96.3% d'ingr\u00e9dients d'origine naturelle\u00a0\",\"breadcrumb\":{\"@id\":\"https:\\\/\\\/boucleslanmou.com\\\/?product=triple-soin-capillaire-reparation-hydratation-nutrition-ravive-nous-avec-soin#breadcrumb\"},\"inLanguage\":\"fr-FR\",\"potentialAction\":[{\"@type\":\"ReadAction\",\"target\":[\"https:\\\/\\\/boucleslanmou.com\\\/?product=triple-soin-capillaire-reparation-hydratation-nutrition-ravive-nous-avec-soin\"]}]},{\"@type\":\"ImageObject\",\"inLanguage\":\"fr-FR\",\"@id\":\"https:\\\/\\\/boucleslanmou.com\\\/?product=triple-soin-capillaire-reparation-hydratation-nutrition-ravive-nous-avec-soin#primaryimage\",\"url\":\"https:\\\/\\\/boucleslanmou.com\\\/wp-content\\\/uploads\\\/2025\\\/05\\\/14-5A2A2760-scaled.jpg\",\"contentUrl\":\"https:\\\/\\\/boucleslanmou.com\\\/wp-content\\\/uploads\\\/2025\\\/05\\\/14-5A2A2760-scaled.jpg\",\"width\":1708,\"height\":2560},{\"@type\":\"BreadcrumbList\",\"@id\":\"https:\\\/\\\/boucleslanmou.com\\\/?product=triple-soin-capillaire-reparation-hydratation-nutrition-ravive-nous-avec-soin#breadcrumb\",\"itemListElement\":[{\"@type\":\"ListItem\",\"position\":1,\"name\":\"Accueil\",\"item\":\"https:\\\/\\\/boucleslanmou.com\\\/\"},{\"@type\":\"ListItem\",\"position\":2,\"name\":\"Boutique\",\"item\":\"https:\\\/\\\/boucleslanmou.com\\\/?page_id=797\"},{\"@type\":\"ListItem\",\"position\":3,\"name\":\"Triple soin capillaire &#8211; R\u00e9paration, hydratation &#038; nutrition Ravive-nous, avec soin\"}]},{\"@type\":\"WebSite\",\"@id\":\"https:\\\/\\\/boucleslanmou.com\\\/#website\",\"url\":\"https:\\\/\\\/boucleslanmou.com\\\/\",\"name\":\"boucleslanmou.com\",\"description\":\"Soins Naturels pour Cheveux Boucl\u00e9s\",\"publisher\":{\"@id\":\"https:\\\/\\\/boucleslanmou.com\\\/#organization\"},\"potentialAction\":[{\"@type\":\"SearchAction\",\"target\":{\"@type\":\"EntryPoint\",\"urlTemplate\":\"https:\\\/\\\/boucleslanmou.com\\\/?s={search_term_string}\"},\"query-input\":{\"@type\":\"PropertyValueSpecification\",\"valueRequired\":true,\"valueName\":\"search_term_string\"}}],\"inLanguage\":\"fr-FR\"},{\"@type\":\"Organization\",\"@id\":\"https:\\\/\\\/boucleslanmou.com\\\/#organization\",\"name\":\"boucleslanmou.com\",\"url\":\"https:\\\/\\\/boucleslanmou.com\\\/\",\"logo\":{\"@type\":\"ImageObject\",\"inLanguage\":\"fr-FR\",\"@id\":\"https:\\\/\\\/boucleslanmou.com\\\/#\\\/schema\\\/logo\\\/image\\\/\",\"url\":\"https:\\\/\\\/boucleslanmou.com\\\/wp-content\\\/uploads\\\/2025\\\/04\\\/Boucles-Lanmou_Logo_Couleur-1-1-e1774325270237.png\",\"contentUrl\":\"https:\\\/\\\/boucleslanmou.com\\\/wp-content\\\/uploads\\\/2025\\\/04\\\/Boucles-Lanmou_Logo_Couleur-1-1-e1774325270237.png\",\"width\":483,\"height\":220,\"caption\":\"boucleslanmou.com\"},\"image\":{\"@id\":\"https:\\\/\\\/boucleslanmou.com\\\/#\\\/schema\\\/logo\\\/image\\\/\"}}]}<\/script>\n<!-- \/ Yoast SEO plugin. -->","yoast_head_json":{"title":"Triple soin capillaire - R\u00e9paration, hydratation & nutrition  Ravive-nous, avec soin - boucleslanmou.com","description":"Ce soin 3 en 1 s\u2019utilise comme apr\u00e8s-shampoing, masque ou leave-in. Simple, pratique et \u00e9conomique, il facilite votre routine capillaire tout en offrant un soin complet.Il hydrate intens\u00e9ment, nourrit en profondeur et restaure la fibre capillaire. 96.3% d'ingr\u00e9dients d'origine naturelle\u00a0","robots":{"index":"index","follow":"follow","max-snippet":"max-snippet:-1","max-image-preview":"max-image-preview:large","max-video-preview":"max-video-preview:-1"},"canonical":"https:\/\/boucleslanmou.com\/?product=triple-soin-capillaire-reparation-hydratation-nutrition-ravive-nous-avec-soin","og_locale":"fr_FR","og_type":"article","og_title":"Triple soin capillaire - R\u00e9paration, hydratation & nutrition  Ravive-nous, avec soin - boucleslanmou.com","og_description":"Ce soin 3 en 1 s\u2019utilise comme apr\u00e8s-shampoing, masque ou leave-in. Simple, pratique et \u00e9conomique, il facilite votre routine capillaire tout en offrant un soin complet.Il hydrate intens\u00e9ment, nourrit en profondeur et restaure la fibre capillaire. 96.3% d'ingr\u00e9dients d'origine naturelle\u00a0","og_url":"https:\/\/boucleslanmou.com\/?product=triple-soin-capillaire-reparation-hydratation-nutrition-ravive-nous-avec-soin","og_site_name":"boucleslanmou.com","article_modified_time":"2026-03-12T18:23:32+00:00","og_image":[{"width":1708,"height":2560,"url":"https:\/\/boucleslanmou.com\/wp-content\/uploads\/2025\/05\/14-5A2A2760-scaled.jpg","type":"image\/jpeg"}],"twitter_card":"summary_large_image","twitter_misc":{"Dur\u00e9e de lecture estim\u00e9e":"2 minutes"},"schema":{"@context":"https:\/\/schema.org","@graph":[{"@type":"WebPage","@id":"https:\/\/boucleslanmou.com\/?product=triple-soin-capillaire-reparation-hydratation-nutrition-ravive-nous-avec-soin","url":"https:\/\/boucleslanmou.com\/?product=triple-soin-capillaire-reparation-hydratation-nutrition-ravive-nous-avec-soin","name":"Triple soin capillaire - R\u00e9paration, hydratation & nutrition Ravive-nous, avec soin - boucleslanmou.com","isPartOf":{"@id":"https:\/\/boucleslanmou.com\/#website"},"primaryImageOfPage":{"@id":"https:\/\/boucleslanmou.com\/?product=triple-soin-capillaire-reparation-hydratation-nutrition-ravive-nous-avec-soin#primaryimage"},"image":{"@id":"https:\/\/boucleslanmou.com\/?product=triple-soin-capillaire-reparation-hydratation-nutrition-ravive-nous-avec-soin#primaryimage"},"thumbnailUrl":"https:\/\/boucleslanmou.com\/wp-content\/uploads\/2025\/05\/14-5A2A2760-scaled.jpg","datePublished":"2025-05-07T20:22:59+00:00","dateModified":"2026-03-12T18:23:32+00:00","description":"Ce soin 3 en 1 s\u2019utilise comme apr\u00e8s-shampoing, masque ou leave-in. Simple, pratique et \u00e9conomique, il facilite votre routine capillaire tout en offrant un soin complet.Il hydrate intens\u00e9ment, nourrit en profondeur et restaure la fibre capillaire. 96.3% d'ingr\u00e9dients d'origine naturelle\u00a0","breadcrumb":{"@id":"https:\/\/boucleslanmou.com\/?product=triple-soin-capillaire-reparation-hydratation-nutrition-ravive-nous-avec-soin#breadcrumb"},"inLanguage":"fr-FR","potentialAction":[{"@type":"ReadAction","target":["https:\/\/boucleslanmou.com\/?product=triple-soin-capillaire-reparation-hydratation-nutrition-ravive-nous-avec-soin"]}]},{"@type":"ImageObject","inLanguage":"fr-FR","@id":"https:\/\/boucleslanmou.com\/?product=triple-soin-capillaire-reparation-hydratation-nutrition-ravive-nous-avec-soin#primaryimage","url":"https:\/\/boucleslanmou.com\/wp-content\/uploads\/2025\/05\/14-5A2A2760-scaled.jpg","contentUrl":"https:\/\/boucleslanmou.com\/wp-content\/uploads\/2025\/05\/14-5A2A2760-scaled.jpg","width":1708,"height":2560},{"@type":"BreadcrumbList","@id":"https:\/\/boucleslanmou.com\/?product=triple-soin-capillaire-reparation-hydratation-nutrition-ravive-nous-avec-soin#breadcrumb","itemListElement":[{"@type":"ListItem","position":1,"name":"Accueil","item":"https:\/\/boucleslanmou.com\/"},{"@type":"ListItem","position":2,"name":"Boutique","item":"https:\/\/boucleslanmou.com\/?page_id=797"},{"@type":"ListItem","position":3,"name":"Triple soin capillaire &#8211; R\u00e9paration, hydratation &#038; nutrition Ravive-nous, avec soin"}]},{"@type":"WebSite","@id":"https:\/\/boucleslanmou.com\/#website","url":"https:\/\/boucleslanmou.com\/","name":"boucleslanmou.com","description":"Soins Naturels pour Cheveux Boucl\u00e9s","publisher":{"@id":"https:\/\/boucleslanmou.com\/#organization"},"potentialAction":[{"@type":"SearchAction","target":{"@type":"EntryPoint","urlTemplate":"https:\/\/boucleslanmou.com\/?s={search_term_string}"},"query-input":{"@type":"PropertyValueSpecification","valueRequired":true,"valueName":"search_term_string"}}],"inLanguage":"fr-FR"},{"@type":"Organization","@id":"https:\/\/boucleslanmou.com\/#organization","name":"boucleslanmou.com","url":"https:\/\/boucleslanmou.com\/","logo":{"@type":"ImageObject","inLanguage":"fr-FR","@id":"https:\/\/boucleslanmou.com\/#\/schema\/logo\/image\/","url":"https:\/\/boucleslanmou.com\/wp-content\/uploads\/2025\/04\/Boucles-Lanmou_Logo_Couleur-1-1-e1774325270237.png","contentUrl":"https:\/\/boucleslanmou.com\/wp-content\/uploads\/2025\/04\/Boucles-Lanmou_Logo_Couleur-1-1-e1774325270237.png","width":483,"height":220,"caption":"boucleslanmou.com"},"image":{"@id":"https:\/\/boucleslanmou.com\/#\/schema\/logo\/image\/"}}]}},"_links":{"self":[{"href":"https:\/\/boucleslanmou.com\/index.php?rest_route=\/wp\/v2\/product\/171","targetHints":{"allow":["GET"]}}],"collection":[{"href":"https:\/\/boucleslanmou.com\/index.php?rest_route=\/wp\/v2\/product"}],"about":[{"href":"https:\/\/boucleslanmou.com\/index.php?rest_route=\/wp\/v2\/types\/product"}],"replies":[{"embeddable":true,"href":"https:\/\/boucleslanmou.com\/index.php?rest_route=%2Fwp%2Fv2%2Fcomments&post=171"}],"wp:featuredmedia":[{"embeddable":true,"href":"https:\/\/boucleslanmou.com\/index.php?rest_route=\/wp\/v2\/media\/610"}],"wp:attachment":[{"href":"https:\/\/boucleslanmou.com\/index.php?rest_route=%2Fwp%2Fv2%2Fmedia&parent=171"}],"wp:term":[{"taxonomy":"product_brand","embeddable":true,"href":"https:\/\/boucleslanmou.com\/index.php?rest_route=%2Fwp%2Fv2%2Fproduct_brand&post=171"},{"taxonomy":"product_cat","embeddable":true,"href":"https:\/\/boucleslanmou.com\/index.php?rest_route=%2Fwp%2Fv2%2Fproduct_cat&post=171"},{"taxonomy":"product_tag","embeddable":true,"href":"https:\/\/boucleslanmou.com\/index.php?rest_route=%2Fwp%2Fv2%2Fproduct_tag&post=171"}],"curies":[{"name":"wp","href":"https:\/\/api.w.org\/{rel}","templated":true}]}}