{"id":172,"date":"2025-05-07T20:25:01","date_gmt":"2025-05-07T20:25:01","guid":{"rendered":"https:\/\/boucleslanmou.com\/?post_type=product&#038;p=172"},"modified":"2026-03-11T22:17:07","modified_gmt":"2026-03-11T22:17:07","slug":"gelee-definition-de-boucles-boucle-nous-naturellement","status":"publish","type":"product","link":"https:\/\/boucleslanmou.com\/?product=gelee-definition-de-boucles-boucle-nous-naturellement","title":{"rendered":"Gel\u00e9e d\u00e9finition de boucles   Boucle-nous, naturellement"},"content":{"rendered":"<p><b><span data-contrast=\"auto\">Actifs: <\/span><\/b><span data-contrast=\"auto\">Aloe vera, acides amin\u00e9s, glyc\u00e9rine, panth\u00e9nol<\/span><span data-ccp-props=\"{}\">\u00a0<\/span><\/p>\n<p><b><span data-contrast=\"auto\">Fonction\u202f<\/span><\/b><span data-contrast=\"auto\">: D\u00e9finir vos boucles en toute l\u00e9g\u00e8ret\u00e9\u00a0<\/span><span data-ccp-props=\"{}\">\u00a0<\/span><\/p>\n<p><span data-contrast=\"auto\">Cette gel\u00e9e est formul\u00e9e pour d\u00e9finir vos magnifiques boucles avec l\u00e9g\u00e8ret\u00e9, sans effet cartonn\u00e9. Sa texture non collante fixe les boucles tout en pr\u00e9servant leur souplesse, sans alourdir ni figer. Elle apporte \u00e0 vos boucles une belle d\u00e9finition naturelle, tout en leur offrant brillance et douceur. De plus, ses actifs r\u00e9parateurs et hydratants renforcent la fibre capillaire et assurent une hydratation optimale, pour des boucles plus belles, \u00e9clatantes et en pleine sant\u00e9.<\/span><span data-ccp-props=\"{&quot;335551550&quot;:6,&quot;335551620&quot;:6}\">\u00a0<\/span><\/p>\n<p><strong>Instructions\u00a0\u00a0<\/strong><\/p>\n<p><span data-contrast=\"auto\">Sur cheveux humides, appliquez une petite quantit\u00e9 de produit sur toute la chevelure et ajoutez-en si n\u00e9cessaire. Scrunchez les boucles en remontant les cheveux vers le cuir chevelu pour activer la formation naturelle des boucles. Laissez s\u00e9cher \u00e0 l&rsquo;air libre ou utilisez un diffuseur.<\/span><span data-ccp-props=\"{&quot;335551550&quot;:6,&quot;335551620&quot;:6}\">\u00a0<\/span><\/p>\n<p><span data-contrast=\"auto\">Obtenez des boucles magnifiques, sans effet fig\u00e9 !<\/span><span data-ccp-props=\"{&quot;335551550&quot;:6,&quot;335551620&quot;:6}\">\u00a0<\/span><\/p>\n<p><strong>Ingr\u00e9dients: <\/strong>Aqua\/Water\/Eau, Glycerin, Aloe Barbadensis Leaf Juice, Maltodextrin, Polyquaternium-37, Panthenol, Sodium PCA, Sodium Lactate, Arginine, Aspartic Acid, PCA, Glycine, Alanine, Serine, Valine, Proline, Threonine, Isoleucine, Histidine, Phenylalanine, Cyamopsis Tetragonoloba (Guar) Gum, Behentrimonium Chloride, Cetearyl Alcohol, Polyquaternium-55, Benzyl Alcohol, Parfum, Dehydroacetic Acid, Citric Acid.<\/p>\n","protected":false},"excerpt":{"rendered":"<p><span class=\"OYPEnA font-feature-liga-off font-feature-clig-off font-feature-calt-off text-decoration-none text-strikethrough-none\">Cette <\/span><span class=\"OYPEnA font-feature-liga-off font-feature-clig-off font-feature-calt-off text-decoration-none text-strikethrough-none\">gel\u00e9e capillaire<\/span><span class=\"OYPEnA font-feature-liga-off font-feature-clig-off font-feature-calt-off text-decoration-none text-strikethrough-none\"> l\u00e9g\u00e8re et efficace est con\u00e7ue pour d\u00e9finir, maintenir vos boucles sans les figer. Enrichie en actifs fortifiants et hydratants, elle combine douceur et tenue pour r\u00e9v\u00e9ler la vraie nature de vos cheveux textur\u00e9s.<\/span><\/p>\n","protected":false},"featured_media":609,"comment_status":"open","ping_status":"closed","template":"","meta":[],"product_brand":[],"product_cat":[18],"product_tag":[],"class_list":{"0":"post-172","1":"product","2":"type-product","3":"status-publish","4":"has-post-thumbnail","6":"product_cat-non-classe","8":"first","9":"instock","10":"taxable","11":"shipping-taxable","12":"purchasable","13":"product-type-simple"},"yoast_head":"<!-- This site is optimized with the Yoast SEO plugin v27.3 - https:\/\/yoast.com\/product\/yoast-seo-wordpress\/ -->\n<title>Gel\u00e9e d\u00e9finition de boucles  Boucle-nous, naturellement - boucleslanmou.com<\/title>\n<meta name=\"description\" content=\"Cette gel\u00e9e capillaire l\u00e9g\u00e8re et efficace est con\u00e7ue pour d\u00e9finir, maintenir vos boucles sans les figer. Enrichie en actifs fortifiants et hydratants, elle combine douceur et tenue pour r\u00e9v\u00e9ler la vraie nature de vos cheveux textur\u00e9s. 96.4% d&#039;ingr\u00e9dients d&#039;origine naturelle\" \/>\n<meta name=\"robots\" content=\"index, follow, max-snippet:-1, max-image-preview:large, max-video-preview:-1\" \/>\n<link rel=\"canonical\" href=\"https:\/\/boucleslanmou.com\/?product=gelee-definition-de-boucles-boucle-nous-naturellement\" \/>\n<meta property=\"og:locale\" content=\"fr_FR\" \/>\n<meta property=\"og:type\" content=\"article\" \/>\n<meta property=\"og:title\" content=\"Gel\u00e9e d\u00e9finition de boucles  Boucle-nous, naturellement - boucleslanmou.com\" \/>\n<meta property=\"og:description\" content=\"Cette gel\u00e9e capillaire l\u00e9g\u00e8re et efficace est con\u00e7ue pour d\u00e9finir, maintenir vos boucles sans les figer. Enrichie en actifs fortifiants et hydratants, elle combine douceur et tenue pour r\u00e9v\u00e9ler la vraie nature de vos cheveux textur\u00e9s. 96.4% d&#039;ingr\u00e9dients d&#039;origine naturelle\" \/>\n<meta property=\"og:url\" content=\"https:\/\/boucleslanmou.com\/?product=gelee-definition-de-boucles-boucle-nous-naturellement\" \/>\n<meta property=\"og:site_name\" content=\"boucleslanmou.com\" \/>\n<meta property=\"article:modified_time\" content=\"2026-03-11T22:17:07+00:00\" \/>\n<meta property=\"og:image\" content=\"https:\/\/boucleslanmou.com\/wp-content\/uploads\/2025\/05\/20-5A2A2781-scaled.jpg\" \/>\n\t<meta property=\"og:image:width\" content=\"1708\" \/>\n\t<meta property=\"og:image:height\" content=\"2560\" \/>\n\t<meta property=\"og:image:type\" content=\"image\/jpeg\" \/>\n<meta name=\"twitter:card\" content=\"summary_large_image\" \/>\n<meta name=\"twitter:label1\" content=\"Dur\u00e9e de lecture estim\u00e9e\" \/>\n\t<meta name=\"twitter:data1\" content=\"2 minutes\" \/>\n<script type=\"application\/ld+json\" class=\"yoast-schema-graph\">{\"@context\":\"https:\\\/\\\/schema.org\",\"@graph\":[{\"@type\":\"WebPage\",\"@id\":\"https:\\\/\\\/boucleslanmou.com\\\/?product=gelee-definition-de-boucles-boucle-nous-naturellement\",\"url\":\"https:\\\/\\\/boucleslanmou.com\\\/?product=gelee-definition-de-boucles-boucle-nous-naturellement\",\"name\":\"Gel\u00e9e d\u00e9finition de boucles Boucle-nous, naturellement - boucleslanmou.com\",\"isPartOf\":{\"@id\":\"https:\\\/\\\/boucleslanmou.com\\\/#website\"},\"primaryImageOfPage\":{\"@id\":\"https:\\\/\\\/boucleslanmou.com\\\/?product=gelee-definition-de-boucles-boucle-nous-naturellement#primaryimage\"},\"image\":{\"@id\":\"https:\\\/\\\/boucleslanmou.com\\\/?product=gelee-definition-de-boucles-boucle-nous-naturellement#primaryimage\"},\"thumbnailUrl\":\"https:\\\/\\\/boucleslanmou.com\\\/wp-content\\\/uploads\\\/2025\\\/05\\\/20-5A2A2781-scaled.jpg\",\"datePublished\":\"2025-05-07T20:25:01+00:00\",\"dateModified\":\"2026-03-11T22:17:07+00:00\",\"description\":\"Cette gel\u00e9e capillaire l\u00e9g\u00e8re et efficace est con\u00e7ue pour d\u00e9finir, maintenir vos boucles sans les figer. Enrichie en actifs fortifiants et hydratants, elle combine douceur et tenue pour r\u00e9v\u00e9ler la vraie nature de vos cheveux textur\u00e9s. 96.4% d'ingr\u00e9dients d'origine naturelle\",\"breadcrumb\":{\"@id\":\"https:\\\/\\\/boucleslanmou.com\\\/?product=gelee-definition-de-boucles-boucle-nous-naturellement#breadcrumb\"},\"inLanguage\":\"fr-FR\",\"potentialAction\":[{\"@type\":\"ReadAction\",\"target\":[\"https:\\\/\\\/boucleslanmou.com\\\/?product=gelee-definition-de-boucles-boucle-nous-naturellement\"]}]},{\"@type\":\"ImageObject\",\"inLanguage\":\"fr-FR\",\"@id\":\"https:\\\/\\\/boucleslanmou.com\\\/?product=gelee-definition-de-boucles-boucle-nous-naturellement#primaryimage\",\"url\":\"https:\\\/\\\/boucleslanmou.com\\\/wp-content\\\/uploads\\\/2025\\\/05\\\/20-5A2A2781-scaled.jpg\",\"contentUrl\":\"https:\\\/\\\/boucleslanmou.com\\\/wp-content\\\/uploads\\\/2025\\\/05\\\/20-5A2A2781-scaled.jpg\",\"width\":1708,\"height\":2560},{\"@type\":\"BreadcrumbList\",\"@id\":\"https:\\\/\\\/boucleslanmou.com\\\/?product=gelee-definition-de-boucles-boucle-nous-naturellement#breadcrumb\",\"itemListElement\":[{\"@type\":\"ListItem\",\"position\":1,\"name\":\"Accueil\",\"item\":\"https:\\\/\\\/boucleslanmou.com\\\/\"},{\"@type\":\"ListItem\",\"position\":2,\"name\":\"Boutique\",\"item\":\"https:\\\/\\\/boucleslanmou.com\\\/?page_id=797\"},{\"@type\":\"ListItem\",\"position\":3,\"name\":\"Gel\u00e9e d\u00e9finition de boucles Boucle-nous, naturellement\"}]},{\"@type\":\"WebSite\",\"@id\":\"https:\\\/\\\/boucleslanmou.com\\\/#website\",\"url\":\"https:\\\/\\\/boucleslanmou.com\\\/\",\"name\":\"boucleslanmou.com\",\"description\":\"Soins Naturels pour Cheveux Boucl\u00e9s\",\"publisher\":{\"@id\":\"https:\\\/\\\/boucleslanmou.com\\\/#organization\"},\"potentialAction\":[{\"@type\":\"SearchAction\",\"target\":{\"@type\":\"EntryPoint\",\"urlTemplate\":\"https:\\\/\\\/boucleslanmou.com\\\/?s={search_term_string}\"},\"query-input\":{\"@type\":\"PropertyValueSpecification\",\"valueRequired\":true,\"valueName\":\"search_term_string\"}}],\"inLanguage\":\"fr-FR\"},{\"@type\":\"Organization\",\"@id\":\"https:\\\/\\\/boucleslanmou.com\\\/#organization\",\"name\":\"boucleslanmou.com\",\"url\":\"https:\\\/\\\/boucleslanmou.com\\\/\",\"logo\":{\"@type\":\"ImageObject\",\"inLanguage\":\"fr-FR\",\"@id\":\"https:\\\/\\\/boucleslanmou.com\\\/#\\\/schema\\\/logo\\\/image\\\/\",\"url\":\"https:\\\/\\\/boucleslanmou.com\\\/wp-content\\\/uploads\\\/2025\\\/04\\\/Boucles-Lanmou_Logo_Couleur-1-1-e1774325270237.png\",\"contentUrl\":\"https:\\\/\\\/boucleslanmou.com\\\/wp-content\\\/uploads\\\/2025\\\/04\\\/Boucles-Lanmou_Logo_Couleur-1-1-e1774325270237.png\",\"width\":483,\"height\":220,\"caption\":\"boucleslanmou.com\"},\"image\":{\"@id\":\"https:\\\/\\\/boucleslanmou.com\\\/#\\\/schema\\\/logo\\\/image\\\/\"}}]}<\/script>\n<!-- \/ Yoast SEO plugin. -->","yoast_head_json":{"title":"Gel\u00e9e d\u00e9finition de boucles  Boucle-nous, naturellement - boucleslanmou.com","description":"Cette gel\u00e9e capillaire l\u00e9g\u00e8re et efficace est con\u00e7ue pour d\u00e9finir, maintenir vos boucles sans les figer. Enrichie en actifs fortifiants et hydratants, elle combine douceur et tenue pour r\u00e9v\u00e9ler la vraie nature de vos cheveux textur\u00e9s. 96.4% d'ingr\u00e9dients d'origine naturelle","robots":{"index":"index","follow":"follow","max-snippet":"max-snippet:-1","max-image-preview":"max-image-preview:large","max-video-preview":"max-video-preview:-1"},"canonical":"https:\/\/boucleslanmou.com\/?product=gelee-definition-de-boucles-boucle-nous-naturellement","og_locale":"fr_FR","og_type":"article","og_title":"Gel\u00e9e d\u00e9finition de boucles  Boucle-nous, naturellement - boucleslanmou.com","og_description":"Cette gel\u00e9e capillaire l\u00e9g\u00e8re et efficace est con\u00e7ue pour d\u00e9finir, maintenir vos boucles sans les figer. Enrichie en actifs fortifiants et hydratants, elle combine douceur et tenue pour r\u00e9v\u00e9ler la vraie nature de vos cheveux textur\u00e9s. 96.4% d'ingr\u00e9dients d'origine naturelle","og_url":"https:\/\/boucleslanmou.com\/?product=gelee-definition-de-boucles-boucle-nous-naturellement","og_site_name":"boucleslanmou.com","article_modified_time":"2026-03-11T22:17:07+00:00","og_image":[{"width":1708,"height":2560,"url":"https:\/\/boucleslanmou.com\/wp-content\/uploads\/2025\/05\/20-5A2A2781-scaled.jpg","type":"image\/jpeg"}],"twitter_card":"summary_large_image","twitter_misc":{"Dur\u00e9e de lecture estim\u00e9e":"2 minutes"},"schema":{"@context":"https:\/\/schema.org","@graph":[{"@type":"WebPage","@id":"https:\/\/boucleslanmou.com\/?product=gelee-definition-de-boucles-boucle-nous-naturellement","url":"https:\/\/boucleslanmou.com\/?product=gelee-definition-de-boucles-boucle-nous-naturellement","name":"Gel\u00e9e d\u00e9finition de boucles Boucle-nous, naturellement - boucleslanmou.com","isPartOf":{"@id":"https:\/\/boucleslanmou.com\/#website"},"primaryImageOfPage":{"@id":"https:\/\/boucleslanmou.com\/?product=gelee-definition-de-boucles-boucle-nous-naturellement#primaryimage"},"image":{"@id":"https:\/\/boucleslanmou.com\/?product=gelee-definition-de-boucles-boucle-nous-naturellement#primaryimage"},"thumbnailUrl":"https:\/\/boucleslanmou.com\/wp-content\/uploads\/2025\/05\/20-5A2A2781-scaled.jpg","datePublished":"2025-05-07T20:25:01+00:00","dateModified":"2026-03-11T22:17:07+00:00","description":"Cette gel\u00e9e capillaire l\u00e9g\u00e8re et efficace est con\u00e7ue pour d\u00e9finir, maintenir vos boucles sans les figer. Enrichie en actifs fortifiants et hydratants, elle combine douceur et tenue pour r\u00e9v\u00e9ler la vraie nature de vos cheveux textur\u00e9s. 96.4% d'ingr\u00e9dients d'origine naturelle","breadcrumb":{"@id":"https:\/\/boucleslanmou.com\/?product=gelee-definition-de-boucles-boucle-nous-naturellement#breadcrumb"},"inLanguage":"fr-FR","potentialAction":[{"@type":"ReadAction","target":["https:\/\/boucleslanmou.com\/?product=gelee-definition-de-boucles-boucle-nous-naturellement"]}]},{"@type":"ImageObject","inLanguage":"fr-FR","@id":"https:\/\/boucleslanmou.com\/?product=gelee-definition-de-boucles-boucle-nous-naturellement#primaryimage","url":"https:\/\/boucleslanmou.com\/wp-content\/uploads\/2025\/05\/20-5A2A2781-scaled.jpg","contentUrl":"https:\/\/boucleslanmou.com\/wp-content\/uploads\/2025\/05\/20-5A2A2781-scaled.jpg","width":1708,"height":2560},{"@type":"BreadcrumbList","@id":"https:\/\/boucleslanmou.com\/?product=gelee-definition-de-boucles-boucle-nous-naturellement#breadcrumb","itemListElement":[{"@type":"ListItem","position":1,"name":"Accueil","item":"https:\/\/boucleslanmou.com\/"},{"@type":"ListItem","position":2,"name":"Boutique","item":"https:\/\/boucleslanmou.com\/?page_id=797"},{"@type":"ListItem","position":3,"name":"Gel\u00e9e d\u00e9finition de boucles Boucle-nous, naturellement"}]},{"@type":"WebSite","@id":"https:\/\/boucleslanmou.com\/#website","url":"https:\/\/boucleslanmou.com\/","name":"boucleslanmou.com","description":"Soins Naturels pour Cheveux Boucl\u00e9s","publisher":{"@id":"https:\/\/boucleslanmou.com\/#organization"},"potentialAction":[{"@type":"SearchAction","target":{"@type":"EntryPoint","urlTemplate":"https:\/\/boucleslanmou.com\/?s={search_term_string}"},"query-input":{"@type":"PropertyValueSpecification","valueRequired":true,"valueName":"search_term_string"}}],"inLanguage":"fr-FR"},{"@type":"Organization","@id":"https:\/\/boucleslanmou.com\/#organization","name":"boucleslanmou.com","url":"https:\/\/boucleslanmou.com\/","logo":{"@type":"ImageObject","inLanguage":"fr-FR","@id":"https:\/\/boucleslanmou.com\/#\/schema\/logo\/image\/","url":"https:\/\/boucleslanmou.com\/wp-content\/uploads\/2025\/04\/Boucles-Lanmou_Logo_Couleur-1-1-e1774325270237.png","contentUrl":"https:\/\/boucleslanmou.com\/wp-content\/uploads\/2025\/04\/Boucles-Lanmou_Logo_Couleur-1-1-e1774325270237.png","width":483,"height":220,"caption":"boucleslanmou.com"},"image":{"@id":"https:\/\/boucleslanmou.com\/#\/schema\/logo\/image\/"}}]}},"_links":{"self":[{"href":"https:\/\/boucleslanmou.com\/index.php?rest_route=\/wp\/v2\/product\/172","targetHints":{"allow":["GET"]}}],"collection":[{"href":"https:\/\/boucleslanmou.com\/index.php?rest_route=\/wp\/v2\/product"}],"about":[{"href":"https:\/\/boucleslanmou.com\/index.php?rest_route=\/wp\/v2\/types\/product"}],"replies":[{"embeddable":true,"href":"https:\/\/boucleslanmou.com\/index.php?rest_route=%2Fwp%2Fv2%2Fcomments&post=172"}],"wp:featuredmedia":[{"embeddable":true,"href":"https:\/\/boucleslanmou.com\/index.php?rest_route=\/wp\/v2\/media\/609"}],"wp:attachment":[{"href":"https:\/\/boucleslanmou.com\/index.php?rest_route=%2Fwp%2Fv2%2Fmedia&parent=172"}],"wp:term":[{"taxonomy":"product_brand","embeddable":true,"href":"https:\/\/boucleslanmou.com\/index.php?rest_route=%2Fwp%2Fv2%2Fproduct_brand&post=172"},{"taxonomy":"product_cat","embeddable":true,"href":"https:\/\/boucleslanmou.com\/index.php?rest_route=%2Fwp%2Fv2%2Fproduct_cat&post=172"},{"taxonomy":"product_tag","embeddable":true,"href":"https:\/\/boucleslanmou.com\/index.php?rest_route=%2Fwp%2Fv2%2Fproduct_tag&post=172"}],"curies":[{"name":"wp","href":"https:\/\/api.w.org\/{rel}","templated":true}]}}